{"id":382,"date":"2021-05-07T20:08:13","date_gmt":"2021-05-07T18:08:13","guid":{"rendered":"https:\/\/fahrschule44.de\/datenschutzerklaerung-2-copy\/"},"modified":"2023-09-29T12:36:49","modified_gmt":"2023-09-29T10:36:49","slug":"datenschutzerklaerung-2-copy","status":"publish","type":"page","link":"https:\/\/fahrschule44.de\/ar\/datenschutzerklaerung-2-copy\/","title":{"rendered":"\u0648\u062d\u062f\u0629 \u0627\u0644\u062a\u062d\u0631\u064a\u0631 \u0648 \u0627\u0644\u0646\u0634\u0631"},"content":{"rendered":"<h4>\n\t\t<a href=\"https:\/\/fahrschule44.de\/ar\/\" title=\"Zur\u00fcck zur Home-Seite\" target=\"_self\" rel=\"noopener\">\n\t\tZur\u00fcck zur Home-Seite\n\t\t<\/a>\n\t<\/h4>\n\t\t\t<h3>\u0648\u062d\u062f\u0629 \u0627\u0644\u062a\u062d\u0631\u064a\u0631 \u0648 \u0627\u0644\u0646\u0634\u0631<\/h3>\t\t\t\n\t\t\t\t<p>Enter description text here.<\/p>\n<h6>Fahrschule Forty Four GmbH<\/h6>\n<h6>Planetenstr. 51<br>\n\u0661\u0662\u0660\u0665\u0667 \u0628\u0631\u0644\u064a\u0646<\/h6>\n<strong>Vertreten durch:<\/strong><br>\nGesch\u00e4ftsf\u00fchrer:<br>\nYunus Yilmaz<br>\nFadi El-Kabouli\n<strong>Kontakt:<\/strong><br>\nTelefon: 030-55 61 56 10<br>\nE-Mail: <a href=\"mailto:info@fahrschule44.de\">info@fahrschule44.de<\/a>\n<strong>Registereintrag: <\/strong><br>\nEintragung im Registergericht: Amtsgericht Charlottenburg<br>\nRegisternummer: HRB 193990 B<br>\nUSt &#8211; IdNr.: 29\/282\/30194\n<strong>Aufsichtsbeh\u00f6rde:<\/strong><br>\nLandesamt f\u00fcr B\u00fcrger- und Ordnungsangelegenheiten<br>\nPuttkamerstr. 16 &#8211; 18<br>\n10958 Berlin\n<h3>Haftungsausschluss<\/h3>\n<p><strong>Haftung f\u00fcr Inhalte<\/strong><\/p>\n<p>Als Diensteanbieter sind wir gem\u00e4\u00df \u00a7 7 Abs.1 TMG f\u00fcr eigene Inhalte auf diesen Seiten nach den allgemeinen Gesetzen verantwortlich. Nach \u00a7\u00a7 8 bis 10 TMG sind wir als Diensteanbieter jedoch nicht verpflichtet, \u00fcbermittelte oder gespeicherte fremde Informationen zu \u00fcberwachen oder nach Umst\u00e4nden zu forschen, die auf eine rechtswidrige T\u00e4tigkeit hinweisen. Verpflichtungen zur Entfernung oder Sperrung der Nutzung von Informationen nach den allgemeinen Gesetzen bleiben hiervon unber\u00fchrt. Eine diesbez\u00fcgliche Haftung ist jedoch erst ab dem Zeitpunkt der Kenntnis einer konkreten Rechtsverletzung m\u00f6glich. Bei Bekanntwerden von entsprechenden Rechtsverletzungen werden wir diese Inhalte umgehend entfernen.<\/p>\n<p><strong>Haftung f\u00fcr Links<\/strong><\/p>\n<p>Unser Angebot enth\u00e4lt Links zu externen Webseiten Dritter, auf deren Inhalte wir keinen Einfluss haben. Deshalb k\u00f6nnen wir f\u00fcr diese fremden Inhalte auch keine Gew\u00e4hr \u00fcbernehmen. F\u00fcr die Inhalte der verlinkten Seiten ist stets der jeweilige Anbieter oder Betreiber der Seiten verantwortlich. Die verlinkten Seiten wurden zum Zeitpunkt der Verlinkung auf m\u00f6gliche Rechtsverst\u00f6\u00dfe \u00fcberpr\u00fcft. Rechtswidrige Inhalte waren zum Zeitpunkt der Verlinkung nicht erkennbar. Eine permanente inhaltliche Kontrolle der verlinkten Seiten ist jedoch ohne konkrete Anhaltspunkte einer Rechtsverletzung nicht zumutbar. Bei Bekanntwerden von Rechtsverletzungen werden wir derartige Links umgehend entfernen.<\/p>\n<p><strong>Urheberrecht<\/strong><\/p>\n<p>Die durch die Seitenbetreiber erstellten Inhalte und Werke auf diesen Seiten unterliegen dem deutschen Urheberrecht. Die Vervielf\u00e4ltigung, Bearbeitung, Verbreitung und jede Art der Verwertung au\u00dferhalb der Grenzen des Urheberrechtes bed\u00fcrfen der schriftlichen Zustimmung des jeweiligen Autors bzw. Erstellers. Downloads und Kopien dieser Seite sind nur f\u00fcr den privaten, nicht kommerziellen Gebrauch gestattet. Soweit die Inhalte auf dieser Seite nicht vom Betreiber erstellt wurden, werden die Urheberrechte Dritter beachtet. Insbesondere werden Inhalte Dritter als solche gekennzeichnet. Sollten Sie trotzdem auf eine Urheberrechtsverletzung aufmerksam werden, bitten wir um einen entsprechenden Hinweis. Bei Bekanntwerden von Rechtsverletzungen werden wir derartige Inhalte umgehend entfernen.<\/p>","protected":false},"excerpt":{"rendered":"<p>Zur\u00fcck zur Home-Seite Impressum Enter description text here. Fahrschule Forty Four GmbH Planetenstr. 51 12057 Berlin Vertreten durch: Gesch\u00e4ftsf\u00fchrer: Yunus Yilmaz Fadi El-Kabouli Kontakt: Telefon: 030-55 61 56 10 E-Mail: info@fahrschule44.de Registereintrag: Eintragung im Registergericht: Amtsgericht Charlottenburg Registernummer: HRB 193990 B USt &#8211; IdNr.: 29\/282\/30194 Aufsichtsbeh\u00f6rde: Landesamt f\u00fcr B\u00fcrger- und Ordnungsangelegenheiten Puttkamerstr. 16 &#8211; 18 [&hellip;]<\/p>\n","protected":false},"author":4,"featured_media":0,"parent":0,"menu_order":0,"comment_status":"closed","ping_status":"closed","template":"","meta":{"site-sidebar-layout":"no-sidebar","site-content-layout":"default","ast-site-content-layout":"","site-content-style":"default","site-sidebar-style":"default","ast-global-header-display":"","ast-banner-title-visibility":"","ast-main-header-display":"disabled","ast-hfb-above-header-display":"","ast-hfb-below-header-display":"","ast-hfb-mobile-header-display":"","site-post-title":"disabled","ast-breadcrumbs-content":"","ast-featured-img":"","footer-sml-layout":"","theme-transparent-header-meta":"default","adv-header-id-meta":"","stick-header-meta":"default","header-above-stick-meta":"","header-main-stick-meta":"","header-below-stick-meta":"","astra-migrate-meta-layouts":"default","ast-page-background-enabled":"default","ast-page-background-meta":{"desktop":{"background-color":"","background-image":"","background-repeat":"repeat","background-position":"center center","background-size":"auto","background-attachment":"scroll","background-type":"","background-media":"","overlay-type":"","overlay-color":"","overlay-opacity":"","overlay-gradient":""},"tablet":{"background-color":"","background-image":"","background-repeat":"repeat","background-position":"center center","background-size":"auto","background-attachment":"scroll","background-type":"","background-media":"","overlay-type":"","overlay-color":"","overlay-opacity":"","overlay-gradient":""},"mobile":{"background-color":"","background-image":"","background-repeat":"repeat","background-position":"center center","background-size":"auto","background-attachment":"scroll","background-type":"","background-media":"","overlay-type":"","overlay-color":"","overlay-opacity":"","overlay-gradient":""}},"ast-content-background-meta":{"desktop":{"background-color":"var(--ast-global-color-5)","background-image":"","background-repeat":"repeat","background-position":"center center","background-size":"auto","background-attachment":"scroll","background-type":"","background-media":"","overlay-type":"","overlay-color":"","overlay-opacity":"","overlay-gradient":""},"tablet":{"background-color":"var(--ast-global-color-5)","background-image":"","background-repeat":"repeat","background-position":"center center","background-size":"auto","background-attachment":"scroll","background-type":"","background-media":"","overlay-type":"","overlay-color":"","overlay-opacity":"","overlay-gradient":""},"mobile":{"background-color":"var(--ast-global-color-5)","background-image":"","background-repeat":"repeat","background-position":"center center","background-size":"auto","background-attachment":"scroll","background-type":"","background-media":"","overlay-type":"","overlay-color":"","overlay-opacity":"","overlay-gradient":""}},"footnotes":""},"class_list":["post-382","page","type-page","status-publish","hentry"],"yoast_head":"<!-- This site is optimized with the Yoast SEO Premium plugin v24.8 (Yoast SEO v24.8.1) - https:\/\/yoast.com\/wordpress\/plugins\/seo\/ -->\n<title>Impressum - Fahrschule44 - Deine Fahrschule in Berlin Neuk\u00f6lln<\/title>\n<meta name=\"description\" content=\"Fahrschule Forty Four 44 Berlin Neuk\u00f6lln\" \/>\n<meta name=\"robots\" content=\"index, follow, max-snippet:-1, max-image-preview:large, max-video-preview:-1\" \/>\n<link rel=\"canonical\" href=\"https:\/\/fahrschule44.de\/ar\/datenschutzerklaerung-2-copy\/\" \/>\n<meta property=\"og:locale\" content=\"ar_AR\" \/>\n<meta property=\"og:type\" content=\"article\" \/>\n<meta property=\"og:title\" content=\"Impressum\" \/>\n<meta property=\"og:description\" content=\"Fahrschule Forty Four 44 Berlin Neuk\u00f6lln\" \/>\n<meta property=\"og:url\" content=\"https:\/\/fahrschule44.de\/ar\/datenschutzerklaerung-2-copy\/\" \/>\n<meta property=\"og:site_name\" content=\"Fahrschule44 - Deine Fahrschule in Berlin Neuk\u00f6lln\" \/>\n<meta property=\"article:publisher\" content=\"https:\/\/www.facebook.com\/fahrschule44\" \/>\n<meta property=\"article:modified_time\" content=\"2023-09-29T10:36:49+00:00\" \/>\n<meta name=\"twitter:card\" content=\"summary_large_image\" \/>\n<meta name=\"twitter:label1\" content=\"\u0648\u0642\u062a \u0627\u0644\u0642\u0631\u0627\u0621\u0629 \u0627\u0644\u0645\u064f\u0642\u062f\u0651\u0631\" \/>\n\t<meta name=\"twitter:data1\" content=\"\u062f\u0642\u064a\u0642\u062a\u0627\u0646\" \/>\n<script type=\"application\/ld+json\" class=\"yoast-schema-graph\">{\"@context\":\"https:\/\/schema.org\",\"@graph\":[{\"@type\":\"WebPage\",\"@id\":\"https:\/\/fahrschule44.de\/datenschutzerklaerung-2-copy\/\",\"url\":\"https:\/\/fahrschule44.de\/datenschutzerklaerung-2-copy\/\",\"name\":\"Impressum - Fahrschule44 - Deine Fahrschule in Berlin Neuk\u00f6lln\",\"isPartOf\":{\"@id\":\"https:\/\/fahrschule44.de\/#website\"},\"datePublished\":\"2021-05-07T18:08:13+00:00\",\"dateModified\":\"2023-09-29T10:36:49+00:00\",\"description\":\"Fahrschule Forty Four 44 Berlin Neuk\u00f6lln\",\"breadcrumb\":{\"@id\":\"https:\/\/fahrschule44.de\/datenschutzerklaerung-2-copy\/#breadcrumb\"},\"inLanguage\":\"ar\",\"potentialAction\":[{\"@type\":\"ReadAction\",\"target\":[\"https:\/\/fahrschule44.de\/datenschutzerklaerung-2-copy\/\"]}]},{\"@type\":\"BreadcrumbList\",\"@id\":\"https:\/\/fahrschule44.de\/datenschutzerklaerung-2-copy\/#breadcrumb\",\"itemListElement\":[{\"@type\":\"ListItem\",\"position\":1,\"name\":\"Startseite\",\"item\":\"https:\/\/fahrschule44.de\/\"},{\"@type\":\"ListItem\",\"position\":2,\"name\":\"Impressum\"}]},{\"@type\":\"WebSite\",\"@id\":\"https:\/\/fahrschule44.de\/#website\",\"url\":\"https:\/\/fahrschule44.de\/\",\"name\":\"Fahrschule Forty Four 44 Berlin Neuk\u00f6lln\",\"description\":\"fahrschule\",\"publisher\":{\"@id\":\"https:\/\/fahrschule44.de\/#organization\"},\"alternateName\":\"fahrschule Berlin\",\"potentialAction\":[{\"@type\":\"SearchAction\",\"target\":{\"@type\":\"EntryPoint\",\"urlTemplate\":\"https:\/\/fahrschule44.de\/?s={search_term_string}\"},\"query-input\":{\"@type\":\"PropertyValueSpecification\",\"valueRequired\":true,\"valueName\":\"search_term_string\"}}],\"inLanguage\":\"ar\"},{\"@type\":\"Organization\",\"@id\":\"https:\/\/fahrschule44.de\/#organization\",\"name\":\"Fahrschule 44\",\"alternateName\":\"Fahrschule Forty Four 44 Berlin Neuk\u00f6lln\",\"url\":\"https:\/\/fahrschule44.de\/\",\"logo\":{\"@type\":\"ImageObject\",\"inLanguage\":\"ar\",\"@id\":\"https:\/\/fahrschule44.de\/#\/schema\/logo\/image\/\",\"url\":\"https:\/\/fahrschule44.de\/wp-content\/uploads\/2021\/05\/cropped-cropped-LOGO-44-ANSICHT-weiss-ueberarbeitet.png\",\"contentUrl\":\"https:\/\/fahrschule44.de\/wp-content\/uploads\/2021\/05\/cropped-cropped-LOGO-44-ANSICHT-weiss-ueberarbeitet.png\",\"width\":512,\"height\":512,\"caption\":\"Fahrschule 44\"},\"image\":{\"@id\":\"https:\/\/fahrschule44.de\/#\/schema\/logo\/image\/\"},\"sameAs\":[\"https:\/\/www.facebook.com\/fahrschule44\"]}]}<\/script>\n<!-- \/ Yoast SEO Premium plugin. -->","yoast_head_json":{"title":"Impressum - Fahrschule44 - Deine Fahrschule in Berlin Neuk\u00f6lln","description":"Fahrschule Forty Four 44 Berlin Neuk\u00f6lln","robots":{"index":"index","follow":"follow","max-snippet":"max-snippet:-1","max-image-preview":"max-image-preview:large","max-video-preview":"max-video-preview:-1"},"canonical":"https:\/\/fahrschule44.de\/ar\/datenschutzerklaerung-2-copy\/","og_locale":"ar_AR","og_type":"article","og_title":"Impressum","og_description":"Fahrschule Forty Four 44 Berlin Neuk\u00f6lln","og_url":"https:\/\/fahrschule44.de\/ar\/datenschutzerklaerung-2-copy\/","og_site_name":"Fahrschule44 - Deine Fahrschule in Berlin Neuk\u00f6lln","article_publisher":"https:\/\/www.facebook.com\/fahrschule44","article_modified_time":"2023-09-29T10:36:49+00:00","twitter_card":"summary_large_image","twitter_misc":{"\u0648\u0642\u062a \u0627\u0644\u0642\u0631\u0627\u0621\u0629 \u0627\u0644\u0645\u064f\u0642\u062f\u0651\u0631":"\u062f\u0642\u064a\u0642\u062a\u0627\u0646"},"schema":{"@context":"https:\/\/schema.org","@graph":[{"@type":"WebPage","@id":"https:\/\/fahrschule44.de\/datenschutzerklaerung-2-copy\/","url":"https:\/\/fahrschule44.de\/datenschutzerklaerung-2-copy\/","name":"Impressum - Fahrschule44 - Deine Fahrschule in Berlin Neuk\u00f6lln","isPartOf":{"@id":"https:\/\/fahrschule44.de\/#website"},"datePublished":"2021-05-07T18:08:13+00:00","dateModified":"2023-09-29T10:36:49+00:00","description":"Fahrschule Forty Four 44 Berlin Neuk\u00f6lln","breadcrumb":{"@id":"https:\/\/fahrschule44.de\/datenschutzerklaerung-2-copy\/#breadcrumb"},"inLanguage":"ar","potentialAction":[{"@type":"ReadAction","target":["https:\/\/fahrschule44.de\/datenschutzerklaerung-2-copy\/"]}]},{"@type":"BreadcrumbList","@id":"https:\/\/fahrschule44.de\/datenschutzerklaerung-2-copy\/#breadcrumb","itemListElement":[{"@type":"ListItem","position":1,"name":"Startseite","item":"https:\/\/fahrschule44.de\/"},{"@type":"ListItem","position":2,"name":"Impressum"}]},{"@type":"WebSite","@id":"https:\/\/fahrschule44.de\/#website","url":"https:\/\/fahrschule44.de\/","name":"Fahrschule Forty Four 44 Berlin Neuk\u00f6lln","description":"fahrschule","publisher":{"@id":"https:\/\/fahrschule44.de\/#organization"},"alternateName":"fahrschule Berlin","potentialAction":[{"@type":"SearchAction","target":{"@type":"EntryPoint","urlTemplate":"https:\/\/fahrschule44.de\/?s={search_term_string}"},"query-input":{"@type":"PropertyValueSpecification","valueRequired":true,"valueName":"search_term_string"}}],"inLanguage":"ar"},{"@type":"Organization","@id":"https:\/\/fahrschule44.de\/#organization","name":"\u0645\u062f\u0631\u0633\u0629 \u0627\u0644\u0633\u0648\u0627\u0642\u0629 \u0664\u0664","alternateName":"Fahrschule Forty Four 44 Berlin Neuk\u00f6lln","url":"https:\/\/fahrschule44.de\/","logo":{"@type":"ImageObject","inLanguage":"ar","@id":"https:\/\/fahrschule44.de\/#\/schema\/logo\/image\/","url":"https:\/\/fahrschule44.de\/wp-content\/uploads\/2021\/05\/cropped-cropped-LOGO-44-ANSICHT-weiss-ueberarbeitet.png","contentUrl":"https:\/\/fahrschule44.de\/wp-content\/uploads\/2021\/05\/cropped-cropped-LOGO-44-ANSICHT-weiss-ueberarbeitet.png","width":512,"height":512,"caption":"Fahrschule 44"},"image":{"@id":"https:\/\/fahrschule44.de\/#\/schema\/logo\/image\/"},"sameAs":["https:\/\/www.facebook.com\/fahrschule44"]}]}},"_links":{"self":[{"href":"https:\/\/fahrschule44.de\/ar\/wp-json\/wp\/v2\/pages\/382","targetHints":{"allow":["GET"]}}],"collection":[{"href":"https:\/\/fahrschule44.de\/ar\/wp-json\/wp\/v2\/pages"}],"about":[{"href":"https:\/\/fahrschule44.de\/ar\/wp-json\/wp\/v2\/types\/page"}],"author":[{"embeddable":true,"href":"https:\/\/fahrschule44.de\/ar\/wp-json\/wp\/v2\/users\/4"}],"replies":[{"embeddable":true,"href":"https:\/\/fahrschule44.de\/ar\/wp-json\/wp\/v2\/comments?post=382"}],"version-history":[{"count":10,"href":"https:\/\/fahrschule44.de\/ar\/wp-json\/wp\/v2\/pages\/382\/revisions"}],"predecessor-version":[{"id":592,"href":"https:\/\/fahrschule44.de\/ar\/wp-json\/wp\/v2\/pages\/382\/revisions\/592"}],"wp:attachment":[{"href":"https:\/\/fahrschule44.de\/ar\/wp-json\/wp\/v2\/media?parent=382"}],"curies":[{"name":"wp","href":"https:\/\/api.w.org\/{rel}","templated":true}]}}